{"id":53,"date":"2024-04-02T15:15:28","date_gmt":"2024-04-02T15:15:28","guid":{"rendered":"https:\/\/steelux.pt\/open-a-case\/"},"modified":"2024-12-09T20:30:25","modified_gmt":"2024-12-09T20:30:25","slug":"a-nossa-casa","status":"publish","type":"page","link":"https:\/\/steelux.pt\/fr\/a-nossa-casa\/","title":{"rendered":"Notre Maison"},"content":{"rendered":"<div data-elementor-type=\"wp-page\" data-elementor-id=\"53\" class=\"elementor elementor-53\" data-elementor-post-type=\"page\">\n\t\t\t\t\t\t<section class=\"elementor-section elementor-top-section elementor-element elementor-element-676c91b elementor-section-boxed elementor-section-height-default elementor-section-height-default\" data-id=\"676c91b\" data-element_type=\"section\" data-settings=\"{&quot;background_background&quot;:&quot;classic&quot;}\">\n\t\t\t\t\t\t\t<div class=\"elementor-background-overlay\"><\/div>\n\t\t\t\t\t\t\t<div class=\"elementor-container elementor-column-gap-no\">\n\t\t\t\t\t<div class=\"elementor-column elementor-col-100 elementor-top-column elementor-element elementor-element-a84ad8b elementor-invisible\" data-id=\"a84ad8b\" data-element_type=\"column\" data-settings=\"{&quot;animation&quot;:&quot;fadeIn&quot;}\">\n\t\t\t<div class=\"elementor-widget-wrap elementor-element-populated\">\n\t\t\t\t\t\t<div class=\"elementor-element elementor-element-2a1c677 elementor-widget elementor-widget-heading\" data-id=\"2a1c677\" data-element_type=\"widget\" data-widget_type=\"heading.default\">\n\t\t\t\t<div class=\"elementor-widget-container\">\n\t\t\t<style>\/*! elementor - v3.20.0 - 26-03-2024 *\/\n.elementor-heading-title{padding:0;margin:0;line-height:1}.elementor-widget-heading .elementor-heading-title[class*=elementor-size-]>a{color:inherit;font-size:inherit;line-height:inherit}.elementor-widget-heading .elementor-heading-title.elementor-size-small{font-size:15px}.elementor-widget-heading .elementor-heading-title.elementor-size-medium{font-size:19px}.elementor-widget-heading .elementor-heading-title.elementor-size-large{font-size:29px}.elementor-widget-heading .elementor-heading-title.elementor-size-xl{font-size:39px}.elementor-widget-heading .elementor-heading-title.elementor-size-xxl{font-size:59px}<\/style><h2 class=\"elementor-heading-title elementor-size-default\">Notre Maison<\/h2>\t\t<\/div>\n\t\t\t\t<\/div>\n\t\t\t\t<div class=\"elementor-element elementor-element-0503e62 elementor-align-center elementor-widget elementor-widget-button\" data-id=\"0503e62\" data-element_type=\"widget\" data-widget_type=\"button.default\">\n\t\t\t\t<div class=\"elementor-widget-container\">\n\t\t\t\t\t<div class=\"elementor-button-wrapper\">\n\t\t\t<a class=\"elementor-button elementor-button-link elementor-size-sm\" href=\"https:\/\/steelux.pt\/fr\/contactos\/\">\n\t\t\t\t\t\t<span class=\"elementor-button-content-wrapper\">\n\t\t\t\t\t\t<span class=\"elementor-button-text\">Contactez-nous<\/span>\n\t\t<\/span>\n\t\t\t\t\t<\/a>\n\t\t<\/div>\n\t\t\t\t<\/div>\n\t\t\t\t<\/div>\n\t\t\t\t\t<\/div>\n\t\t<\/div>\n\t\t\t\t\t<\/div>\n\t\t<\/section>\n\t\t\t\t<section class=\"elementor-section elementor-top-section elementor-element elementor-element-a28a1fd elementor-section-boxed elementor-section-height-default elementor-section-height-default\" data-id=\"a28a1fd\" data-element_type=\"section\" data-settings=\"{&quot;background_background&quot;:&quot;classic&quot;}\">\n\t\t\t\t\t\t\t<div class=\"elementor-background-overlay\"><\/div>\n\t\t\t\t\t\t\t<div class=\"elementor-container elementor-column-gap-no\">\n\t\t\t\t\t<div class=\"elementor-column elementor-col-100 elementor-top-column elementor-element elementor-element-c159957\" data-id=\"c159957\" data-element_type=\"column\" data-settings=\"{&quot;background_background&quot;:&quot;classic&quot;}\">\n\t\t\t<div class=\"elementor-widget-wrap elementor-element-populated\">\n\t\t\t\t\t\t<section class=\"elementor-section elementor-inner-section elementor-element elementor-element-0d37e6d elementor-section-boxed elementor-section-height-default elementor-section-height-default elementor-invisible\" data-id=\"0d37e6d\" data-element_type=\"section\" data-settings=\"{&quot;animation&quot;:&quot;fadeInUp&quot;}\">\n\t\t\t\t\t\t<div class=\"elementor-container elementor-column-gap-no\">\n\t\t\t\t\t<div class=\"elementor-column elementor-col-50 elementor-inner-column elementor-element elementor-element-63ef8b5\" data-id=\"63ef8b5\" data-element_type=\"column\">\n\t\t\t<div class=\"elementor-widget-wrap elementor-element-populated\">\n\t\t\t\t\t\t<div class=\"elementor-element elementor-element-6500e84 elementor-widget elementor-widget-text-editor\" data-id=\"6500e84\" data-element_type=\"widget\" data-widget_type=\"text-editor.default\">\n\t\t\t\t<div class=\"elementor-widget-container\">\n\t\t\t<style>\/*! elementor - v3.20.0 - 26-03-2024 *\/\n.elementor-widget-text-editor.elementor-drop-cap-view-stacked .elementor-drop-cap{background-color:#69727d;color:#fff}.elementor-widget-text-editor.elementor-drop-cap-view-framed .elementor-drop-cap{color:#69727d;border:3px solid;background-color:transparent}.elementor-widget-text-editor:not(.elementor-drop-cap-view-default) .elementor-drop-cap{margin-top:8px}.elementor-widget-text-editor:not(.elementor-drop-cap-view-default) .elementor-drop-cap-letter{width:1em;height:1em}.elementor-widget-text-editor .elementor-drop-cap{float:left;text-align:center;line-height:1;font-size:50px}.elementor-widget-text-editor .elementor-drop-cap-letter{display:inline-block}<\/style>\t\t\t\t<h2><b>Histoire de l\u2019entreprise<\/b><\/h2><p>Fundada em 1971 pela fam\u00edlia Stalder, a STL Swiss SA, tem um hist\u00f3rico not\u00f3rio no que toca \u00e0 satisfa\u00e7\u00e3o das necessidades dos seus clientes.<br \/>Afin de r\u00e9pondre aux demandes de maisons horlog\u00e8res souhaitant des bracelets m\u00e9talliques haut de gamme \u00ab\u00a0Made in Europe\u00a0\u00bb \u00e0 un prix comp\u00e9titif, c\u2019est en 2022 que le groupe a d\u00e9cid\u00e9 de cr\u00e9er Steelux au Portugal. Au b\u00e9n\u00e9fice d'une riche exp\u00e9rience dans le domaine du bracelet de montre \u00e0 travers le groupe Winox, Steelux a \u00e9t\u00e9 fond\u00e9e entour\u00e9 de personnes qualifi\u00e9es qui ont pour vision commune l\u2019excellence et l\u2019innovation.<\/p>\t\t\t\t\t\t<\/div>\n\t\t\t\t<\/div>\n\t\t\t\t\t<\/div>\n\t\t<\/div>\n\t\t\t\t<div class=\"elementor-column elementor-col-50 elementor-inner-column elementor-element elementor-element-3ba392b\" data-id=\"3ba392b\" data-element_type=\"column\">\n\t\t\t<div class=\"elementor-widget-wrap elementor-element-populated\">\n\t\t\t\t\t\t<div class=\"elementor-element elementor-element-d6129e8 elementor-widget elementor-widget-image\" data-id=\"d6129e8\" data-element_type=\"widget\" data-widget_type=\"image.default\">\n\t\t\t\t<div class=\"elementor-widget-container\">\n\t\t\t<style>\/*! elementor - v3.20.0 - 26-03-2024 *\/\n.elementor-widget-image{text-align:center}.elementor-widget-image a{display:inline-block}.elementor-widget-image a img[src$=\".svg\"]{width:48px}.elementor-widget-image img{vertical-align:middle;display:inline-block}<\/style>\t\t\t\t\t\t\t\t\t\t<img decoding=\"async\" src=\"https:\/\/steelux.pt\/wp-content\/plugins\/elementor\/assets\/images\/placeholder.png\" title=\"\" alt=\"\" loading=\"lazy\" \/>\t\t\t\t\t\t\t\t\t\t\t\t\t<\/div>\n\t\t\t\t<\/div>\n\t\t\t\t\t<\/div>\n\t\t<\/div>\n\t\t\t\t\t<\/div>\n\t\t<\/section>\n\t\t\t\t\t<\/div>\n\t\t<\/div>\n\t\t\t\t\t<\/div>\n\t\t<\/section>\n\t\t<div class=\"elementor-element elementor-element-9757323 e-flex e-con-boxed e-con e-parent\" data-id=\"9757323\" data-element_type=\"container\" data-settings=\"{&quot;background_background&quot;:&quot;classic&quot;}\" data-core-v316-plus=\"true\">\n\t\t\t\t\t<div class=\"e-con-inner\">\n\t\t<div class=\"elementor-element elementor-element-92822fb e-con-full e-flex e-con e-child\" data-id=\"92822fb\" data-element_type=\"container\">\n\t\t\t\t<div class=\"elementor-element elementor-element-efb5806 elementor-widget elementor-widget-image\" data-id=\"efb5806\" data-element_type=\"widget\" data-widget_type=\"image.default\">\n\t\t\t\t<div class=\"elementor-widget-container\">\n\t\t\t\t\t\t\t\t\t\t\t\t\t<img decoding=\"async\" src=\"https:\/\/steelux.pt\/wp-content\/plugins\/elementor\/assets\/images\/placeholder.png\" title=\"\" alt=\"\" loading=\"lazy\" \/>\t\t\t\t\t\t\t\t\t\t\t\t\t<\/div>\n\t\t\t\t<\/div>\n\t\t\t\t<\/div>\n\t\t<div class=\"elementor-element elementor-element-04b7ef3 e-con-full e-flex e-con e-child\" data-id=\"04b7ef3\" data-element_type=\"container\">\n\t\t\t\t<div class=\"elementor-element elementor-element-ef41f51 elementor-widget elementor-widget-text-editor\" data-id=\"ef41f51\" data-element_type=\"widget\" data-widget_type=\"text-editor.default\">\n\t\t\t\t<div class=\"elementor-widget-container\">\n\t\t\t\t\t\t\t<h2><b>Notre Vision, notre Mission et nos Valeurs<\/b><\/h2><p>Notre vision est de cr\u00e9er des bracelets qui ne se contentent pas de s'appairer \u00e0 la montre, mais qui, de par notre qu\u00eate de l\u2019excellence, l'\u00e9l\u00e8ve, la d\u00e9finisse et la rende convoit\u00e9e.<br \/>Notre mission est d\u2019offrir un produit \u00e0 forte valeur ajout\u00e9e, innovant, tant sur le point de la technologie, des mat\u00e9riaux, que sur les proc\u00e9d\u00e9s de fabrication, lesquels r\u00e9pondent aux crit\u00e8res qualit\u00e9s les plus exigeants du march\u00e9.<br \/>Chez Steelux, nous valorisons et respectons l\u2019h\u00e9ritage familial du pass\u00e9 qui est constitu\u00e9 d\u2019audace, de passion et d\u2019excellence tout en insufflant un vent de modernit\u00e9 sur l\u2019avenir, en axant nos efforts sur le d\u00e9veloppement de nouvelles technologies et la recherche constante d\u2019innovations.<\/p>\t\t\t\t\t\t<\/div>\n\t\t\t\t<\/div>\n\t\t\t\t<\/div>\n\t\t\t\t\t<\/div>\n\t\t\t\t<\/div>\n\t\t\t\t<\/div>","protected":false},"excerpt":{"rendered":"<p>A Nossa Casa Contacte-nos Hist\u00f3ria da Steelux Fundada em 1971 pela fam\u00edlia Stalder, a STL Swiss SA, tem um hist\u00f3rico not\u00f3rio no que toca \u00e0 satisfa\u00e7\u00e3o das necessidades dos seus clientes.De encontro com as exig\u00eancias das casas de relojoaria que procuram braceletes met\u00e1licas de alta gama \u201cMade in Europe\u201d a um pre\u00e7o competitivo, foi em [&hellip;]<\/p>","protected":false},"author":1,"featured_media":0,"parent":0,"menu_order":0,"comment_status":"closed","ping_status":"closed","template":"elementor_header_footer","meta":{"footnotes":""},"class_list":["post-53","page","type-page","status-publish","hentry"],"_links":{"self":[{"href":"https:\/\/steelux.pt\/fr\/wp-json\/wp\/v2\/pages\/53","targetHints":{"allow":["GET"]}}],"collection":[{"href":"https:\/\/steelux.pt\/fr\/wp-json\/wp\/v2\/pages"}],"about":[{"href":"https:\/\/steelux.pt\/fr\/wp-json\/wp\/v2\/types\/page"}],"author":[{"embeddable":true,"href":"https:\/\/steelux.pt\/fr\/wp-json\/wp\/v2\/users\/1"}],"replies":[{"embeddable":true,"href":"https:\/\/steelux.pt\/fr\/wp-json\/wp\/v2\/comments?post=53"}],"version-history":[{"count":30,"href":"https:\/\/steelux.pt\/fr\/wp-json\/wp\/v2\/pages\/53\/revisions"}],"predecessor-version":[{"id":860,"href":"https:\/\/steelux.pt\/fr\/wp-json\/wp\/v2\/pages\/53\/revisions\/860"}],"wp:attachment":[{"href":"https:\/\/steelux.pt\/fr\/wp-json\/wp\/v2\/media?parent=53"}],"curies":[{"name":"wp","href":"https:\/\/api.w.org\/{rel}","templated":true}]}}